{"id":200,"date":"2025-01-06T15:40:22","date_gmt":"2025-01-06T14:40:22","guid":{"rendered":"https:\/\/janb.no\/forum\/?page_id=200"},"modified":"2025-01-06T15:42:40","modified_gmt":"2025-01-06T14:42:40","slug":"haandbryggeriets-aksjeforum","status":"publish","type":"page","link":"https:\/\/janb.no\/forum\/","title":{"rendered":"Haandbryggeriets aksjeforum"},"content":{"rendered":"\n<p>Et sted for sm\u00e5 og store aksjon\u00e6rer som elsker \u00f8llet fra Haandbryggeriet<\/p>\n\n\n\n<p><strong><div id=\"af-wrapper\"><div id=\"forum-header\"><div id=\"forum-navigation-mobile\"><a><span class=\"fas fa-bars\"><\/span>Meny<\/a><\/div><span class=\"screen-reader-text\">Forum-navigasjon<\/span><div id=\"forum-navigation\"><a class=\"home-link\" href=\"https:\/\/janb.no\/forum\/haandbryggeriets-aksjeforum\" target=\"_self\">Forum<\/a><a class=\"activity-link\" href=\"https:\/\/janb.no\/forum\/haandbryggeriets-aksjeforum\/activity\/\" target=\"_self\">Aktivitet<\/a><a class=\"login-link\" href=\"https:\/\/janb.no\/forum\/wp-login.php?redirect_to=https%3A%2F%2Fjanb.no%2Fforum%2Fwp-json%2Fwp%2Fv2%2Fpages%2F200\" target=\"_self\">Logg inn<\/a><\/div><div id=\"forum-search\"><span class=\"search-icon fas fa-search\"><\/span><form method=\"get\" action=\"https:\/\/janb.no\/forum\/haandbryggeriets-aksjeforum\/search\/\"><input name=\"keywords\" type=\"search\" placeholder=\"S\u00f8k ...\" value=\"\"><\/form><\/div><div class=\"clear\"><\/div><\/div><div id=\"forum-breadcrumbs\" itemscope itemtype=\"http:\/\/schema.org\/BreadcrumbList\"><span class=\"screen-reader-text\">Forum-breadcrumbs - Du er her:<\/span><span class=\"breadcrumb-icon fas fa-home\"><\/span><span itemprop=\"itemListElement\" itemscope itemtype=\"https:\/\/schema.org\/ListItem\"><a itemprop=\"item\" href=\"https:\/\/janb.no\/forum\/haandbryggeriets-aksjeforum\" title=\"Haandbryggeriets aksjon\u00e6rforum\"><span itemprop=\"name\">Haandbryggeriets aksjon\u00e6rforum<\/span><\/a><meta itemprop=\"position\" content=\"1\"><\/span><span class=\"breadcrumb-icon fas fa-chevron-right separator\"><\/span><\/div><h1 class=\"main-title main-title-\">Haandbryggeriets aksjon\u00e6rforum<\/h1><div class=\"notice\">Det er ingen kategorier enn\u00e5!<\/div><div id=\"bottom-navigation\"><\/div><div class=\"clear\"><\/div><\/div><\/strong><\/p>\n","protected":false},"excerpt":{"rendered":"<p>Et sted for sm\u00e5 og store aksjon\u00e6rer som elsker \u00f8llet fra Haandbryggeriet<\/p>\n","protected":false},"author":1,"featured_media":0,"parent":0,"menu_order":0,"comment_status":"closed","ping_status":"closed","template":"","meta":{"footnotes":""},"class_list":["post-200","page","type-page","status-publish","hentry"],"_links":{"self":[{"href":"https:\/\/janb.no\/forum\/wp-json\/wp\/v2\/pages\/200","targetHints":{"allow":["GET"]}}],"collection":[{"href":"https:\/\/janb.no\/forum\/wp-json\/wp\/v2\/pages"}],"about":[{"href":"https:\/\/janb.no\/forum\/wp-json\/wp\/v2\/types\/page"}],"author":[{"embeddable":true,"href":"https:\/\/janb.no\/forum\/wp-json\/wp\/v2\/users\/1"}],"replies":[{"embeddable":true,"href":"https:\/\/janb.no\/forum\/wp-json\/wp\/v2\/comments?post=200"}],"version-history":[{"count":3,"href":"https:\/\/janb.no\/forum\/wp-json\/wp\/v2\/pages\/200\/revisions"}],"predecessor-version":[{"id":204,"href":"https:\/\/janb.no\/forum\/wp-json\/wp\/v2\/pages\/200\/revisions\/204"}],"wp:attachment":[{"href":"https:\/\/janb.no\/forum\/wp-json\/wp\/v2\/media?parent=200"}],"curies":[{"name":"wp","href":"https:\/\/api.w.org\/{rel}","templated":true}]}}